{"id":1475,"date":"2022-06-30T22:20:04","date_gmt":"2022-06-30T22:20:04","guid":{"rendered":"https:\/\/arecibolighthouse.com\/lighthouse\/?page_id=1475"},"modified":"2026-01-31T20:27:04","modified_gmt":"2026-01-31T20:27:04","slug":"lighthouse","status":"publish","type":"page","link":"https:\/\/arecibolighthouse.com\/lighthouse\/lighthouse\/","title":{"rendered":"Lighthouse"},"content":{"rendered":"\t\t<div data-elementor-type=\"wp-page\" data-elementor-id=\"1475\" class=\"elementor elementor-1475\">\n\t\t\t\t\t\t<div class=\"elementor-section elementor-top-section elementor-element elementor-element-744bfe4 elementor-section-boxed elementor-section-height-default elementor-section-height-default\" data-id=\"744bfe4\" data-element_type=\"section\" data-e-type=\"section\">\n\t\t\t\t\t\t<div class=\"elementor-container elementor-column-gap-default\">\n\t\t\t\t\t<div class=\"elementor-column elementor-col-100 elementor-top-column elementor-element elementor-element-16f0fa8\" data-id=\"16f0fa8\" data-element_type=\"column\" data-e-type=\"column\">\n\t\t\t<div class=\"elementor-widget-wrap elementor-element-populated\">\n\t\t\t\t\t\t<div class=\"elementor-element elementor-element-8aa5a5d elementor-widget elementor-widget-jw-headline\" data-id=\"8aa5a5d\" data-element_type=\"widget\" data-e-type=\"widget\" data-widget_type=\"jw-headline.default\">\n\t\t\t\t<div class=\"elementor-widget-container\">\n\t\t\t\t\t<h2 class=\"jw-headline jw-headline--direction-vertical\"><span class=\"jw-headline__part jw-headline__first\"><span class=\"jw-headline__label\">Faro de Arecibo \/ Faro Punta Morrillos<\/span><\/span><span class=\"jw-headline__part jw-headline__second\"><span class=\"jw-headline__label\">Este faro fue el \u00faltimo constru\u00eddo por los espa\u00f1oles en 1898.<\/span><\/span><\/h2>\t\t\t\t<\/div>\n\t\t\t\t<\/div>\n\t\t\t\t<section class=\"elementor-section elementor-inner-section elementor-element elementor-element-2c6df36 elementor-section-content-middle elementor-section-boxed elementor-section-height-default elementor-section-height-default\" data-id=\"2c6df36\" data-element_type=\"section\" data-e-type=\"section\">\n\t\t\t\t\t\t<div class=\"elementor-container elementor-column-gap-custom\">\n\t\t\t\t\t<div class=\"elementor-column elementor-col-50 elementor-inner-column elementor-element elementor-element-ee8e941\" data-id=\"ee8e941\" data-element_type=\"column\" data-e-type=\"column\">\n\t\t\t<div class=\"elementor-widget-wrap elementor-element-populated\">\n\t\t\t\t\t\t<div class=\"elementor-element elementor-element-8942cb3 elementor-invisible elementor-widget elementor-widget-image\" data-id=\"8942cb3\" data-element_type=\"widget\" data-e-type=\"widget\" data-settings=\"{&quot;_animation&quot;:&quot;bounceInLeft&quot;}\" data-widget_type=\"image.default\">\n\t\t\t\t<div class=\"elementor-widget-container\">\n\t\t\t\t\t\t\t\t\t\t\t\t\t\t\t<img fetchpriority=\"high\" decoding=\"async\" width=\"1280\" height=\"719\" src=\"https:\/\/i0.wp.com\/arecibolighthouse.com\/lighthouse\/wp-content\/uploads\/2025\/08\/Faro1.jpeg?fit=1280%2C719&amp;ssl=1\" class=\"attachment-full size-full wp-image-1823\" alt=\"\" srcset=\"https:\/\/i0.wp.com\/arecibolighthouse.com\/lighthouse\/wp-content\/uploads\/2025\/08\/Faro1.jpeg?w=1280&amp;ssl=1 1280w, https:\/\/i0.wp.com\/arecibolighthouse.com\/lighthouse\/wp-content\/uploads\/2025\/08\/Faro1.jpeg?resize=300%2C169&amp;ssl=1 300w, https:\/\/i0.wp.com\/arecibolighthouse.com\/lighthouse\/wp-content\/uploads\/2025\/08\/Faro1.jpeg?resize=1024%2C575&amp;ssl=1 1024w, https:\/\/i0.wp.com\/arecibolighthouse.com\/lighthouse\/wp-content\/uploads\/2025\/08\/Faro1.jpeg?resize=768%2C431&amp;ssl=1 768w, https:\/\/i0.wp.com\/arecibolighthouse.com\/lighthouse\/wp-content\/uploads\/2025\/08\/Faro1.jpeg?resize=600%2C337&amp;ssl=1 600w\" sizes=\"(max-width: 900px) 100vw, 900px\" \/>\t\t\t\t\t\t\t\t\t\t\t\t\t\t\t<\/div>\n\t\t\t\t<\/div>\n\t\t\t\t\t<\/div>\n\t\t<\/div>\n\t\t\t\t<div class=\"elementor-column elementor-col-50 elementor-inner-column elementor-element elementor-element-adb620d\" data-id=\"adb620d\" data-element_type=\"column\" data-e-type=\"column\">\n\t\t\t<div class=\"elementor-widget-wrap elementor-element-populated\">\n\t\t\t\t\t\t<div class=\"elementor-element elementor-element-b40dfbe elementor-drop-cap-yes elementor-drop-cap-view-default elementor-widget elementor-widget-text-editor\" data-id=\"b40dfbe\" data-element_type=\"widget\" data-e-type=\"widget\" data-settings=\"{&quot;drop_cap&quot;:&quot;yes&quot;}\" data-widget_type=\"text-editor.default\">\n\t\t\t\t<div class=\"elementor-widget-container\">\n\t\t\t\t\t\t\t\t\t<p>Su ubicaci\u00f3n es de 18 grados 29&#8242; Norte, 66 grados 41.&#8217;9 Oeste en la costa norte de Puerto Rico a unas 34 millas al Oeste de San Juan. Este faro fue el \u00faltimo construido por los espa\u00f1oles en 1898. Su estilo es neo-cl\u00e1sico espa\u00f1ol de forma rectangular de 40&#8217;4&#8243; (12.30 mts) de ancho por 84&#8217;2&#8243; (25.64 mts) de largo, al cual se le anexa una torre hexagonal de 46&#8242; de alto. Sobre la torre descansa una c\u00fapula en bronce y dentro de esta una luminaria la cual a\u00fan est\u00e1 en uso. En su origen contaba con un lente Fresnel de tercer orden cuya luz alcanzaba unas 18 millas de distancia. En la actualidad cuenta con un lente de 190mm que gira cada 5 seg. Tambi\u00e9n es conocido como Faro Los Morrillos por encontrarse en una monta\u00f1a rocosa conocida como &#8220;Punta Morrillo&#8221;. En su interior podr\u00e1n observar art\u00edculos que fueron encontrados en el fondo del mar, un traje de Buzo de 1910, una r\u00e9plica de US Constitution y en sus paredes encontrar\u00e1 literatura relacionada a la historia del faro y la Guerra Hispanoamericana.<\/p>\t\t\t\t\t\t\t\t<\/div>\n\t\t\t\t<\/div>\n\t\t\t\t\t<\/div>\n\t\t<\/div>\n\t\t\t\t\t<\/div>\n\t\t<\/section>\n\t\t\t\t\t<\/div>\n\t\t<\/div>\n\t\t\t\t\t<\/div>\n\t\t<\/div>\n\t\t\t\t<section class=\"elementor-section elementor-top-section elementor-element elementor-element-ddf3b99 elementor-section-boxed elementor-section-height-default elementor-section-height-default\" data-id=\"ddf3b99\" data-element_type=\"section\" data-e-type=\"section\">\n\t\t\t\t\t\t<div class=\"elementor-container elementor-column-gap-default\">\n\t\t\t\t\t<div class=\"elementor-column elementor-col-100 elementor-top-column elementor-element elementor-element-3158eaa\" data-id=\"3158eaa\" data-element_type=\"column\" data-e-type=\"column\">\n\t\t\t<div class=\"elementor-widget-wrap elementor-element-populated\">\n\t\t\t\t\t\t<div class=\"elementor-element elementor-element-ce72d24 elementor-widget elementor-widget-jw-images-layout\" data-id=\"ce72d24\" data-element_type=\"widget\" data-e-type=\"widget\" data-settings=\"{&quot;columns&quot;:&quot;3&quot;}\" data-widget_type=\"jw-images-layout.default\">\n\t\t\t\t<div class=\"elementor-widget-container\">\n\t\t\t\t\t<div class=\"elementor-jw-images-layout jet-widgets\">\n<div class=\"jw-images-layout layout-type-masonry\" data-settings='{\"layoutType\":\"masonry\",\"justifyHeight\":300}'>\n\t<div class=\"jw-images-layout__list column-desktop-3 column-tablet-2 column-mobile-1\" data-columns>\n<div class=\"jw-images-layout__item\">\n\t<div class=\"jw-images-layout__inner\">\n\t\t<a class=\"jw-images-layout__link \" href=\"https:\/\/i0.wp.com\/arecibolighthouse.com\/lighthouse\/wp-content\/uploads\/2025\/08\/Faro5.jpeg?ssl=1\" data-elementor-open-lightbox=\"yes\" data-elementor-lightbox-slideshow=\"ce72d24\">\n\t\t\t<div class=\"jw-images-layout__image\">\n\t\t\t\t<img data-recalc-dims=\"1\" decoding=\"async\" class=\"jw-images-layout__image-instance\" src=\"https:\/\/i0.wp.com\/arecibolighthouse.com\/lighthouse\/wp-content\/uploads\/2025\/08\/Faro5.jpeg?w=900&#038;ssl=1\" alt=\"Arecibo LightHouse\">\t\t\t<\/div>\n\t\t\t<div class=\"jw-images-layout__content\">\n\t\t\t\t\t<div class=\"jw-images-layout__icon\"><div class=\"jw-images-layout-icon-inner\"><i aria-hidden=\"true\" class=\"fas fa-search-plus\"><\/i><\/div><\/div>\n\t\t\t\t\t\n\t\t\t<\/div>\n\t\t<\/a>\n\t<\/div>\n\t<div class=\"jw-images-layout__image-loader\"><span><\/span><\/div>\n<\/div>\n<div class=\"jw-images-layout__item\">\n\t<div class=\"jw-images-layout__inner\">\n\t\t<a class=\"jw-images-layout__link \" href=\"https:\/\/i0.wp.com\/arecibolighthouse.com\/lighthouse\/wp-content\/uploads\/2022\/07\/fotoantes.jpg?ssl=1\" data-elementor-open-lightbox=\"yes\" data-elementor-lightbox-slideshow=\"ce72d24\">\n\t\t\t<div class=\"jw-images-layout__image\">\n\t\t\t\t<img data-recalc-dims=\"1\" decoding=\"async\" class=\"jw-images-layout__image-instance\" src=\"https:\/\/i0.wp.com\/arecibolighthouse.com\/lighthouse\/wp-content\/uploads\/2022\/07\/fotoantes.jpg?w=900&#038;ssl=1\" alt=\"fotoantes\">\t\t\t<\/div>\n\t\t\t<div class=\"jw-images-layout__content\">\n\t\t\t\t\t<div class=\"jw-images-layout__icon\"><div class=\"jw-images-layout-icon-inner\"><i aria-hidden=\"true\" class=\"fas fa-search-plus\"><\/i><\/div><\/div>\n\t\t\t\t\t\n\t\t\t<\/div>\n\t\t<\/a>\n\t<\/div>\n\t<div class=\"jw-images-layout__image-loader\"><span><\/span><\/div>\n<\/div>\n<div class=\"jw-images-layout__item\">\n\t<div class=\"jw-images-layout__inner\">\n\t\t<a class=\"jw-images-layout__link \" href=\"https:\/\/i0.wp.com\/arecibolighthouse.com\/lighthouse\/wp-content\/uploads\/2022\/07\/A-Side-pic-Baranda-scaled.jpg?ssl=1\" data-elementor-open-lightbox=\"yes\" data-elementor-lightbox-slideshow=\"ce72d24\">\n\t\t\t<div class=\"jw-images-layout__image\">\n\t\t\t\t<img data-recalc-dims=\"1\" decoding=\"async\" class=\"jw-images-layout__image-instance\" src=\"https:\/\/i0.wp.com\/arecibolighthouse.com\/lighthouse\/wp-content\/uploads\/2022\/07\/A-Side-pic-Baranda-scaled.jpg?w=900&#038;ssl=1\" alt=\"A Side pic Baranda\">\t\t\t<\/div>\n\t\t\t<div class=\"jw-images-layout__content\">\n\t\t\t\t\t<div class=\"jw-images-layout__icon\"><div class=\"jw-images-layout-icon-inner\"><i aria-hidden=\"true\" class=\"fas fa-search-plus\"><\/i><\/div><\/div>\n\t\t\t\t\t\n\t\t\t<\/div>\n\t\t<\/a>\n\t<\/div>\n\t<div class=\"jw-images-layout__image-loader\"><span><\/span><\/div>\n<\/div>\n<div class=\"jw-images-layout__item\">\n\t<div class=\"jw-images-layout__inner\">\n\t\t<a class=\"jw-images-layout__link \" href=\"https:\/\/i0.wp.com\/arecibolighthouse.com\/lighthouse\/wp-content\/uploads\/2022\/07\/DSCN3360-scaled.jpg?ssl=1\" data-elementor-open-lightbox=\"yes\" data-elementor-lightbox-slideshow=\"ce72d24\">\n\t\t\t<div class=\"jw-images-layout__image\">\n\t\t\t\t<img data-recalc-dims=\"1\" decoding=\"async\" class=\"jw-images-layout__image-instance\" src=\"https:\/\/i0.wp.com\/arecibolighthouse.com\/lighthouse\/wp-content\/uploads\/2022\/07\/DSCN3360-scaled.jpg?w=900&#038;ssl=1\" alt=\"DSCN3360\">\t\t\t<\/div>\n\t\t\t<div class=\"jw-images-layout__content\">\n\t\t\t\t\t<div class=\"jw-images-layout__icon\"><div class=\"jw-images-layout-icon-inner\"><i aria-hidden=\"true\" class=\"fas fa-search-plus\"><\/i><\/div><\/div>\n\t\t\t\t\t\n\t\t\t<\/div>\n\t\t<\/a>\n\t<\/div>\n\t<div class=\"jw-images-layout__image-loader\"><span><\/span><\/div>\n<\/div>\n<div class=\"jw-images-layout__item\">\n\t<div class=\"jw-images-layout__inner\">\n\t\t<a class=\"jw-images-layout__link \" href=\"https:\/\/i0.wp.com\/arecibolighthouse.com\/lighthouse\/wp-content\/uploads\/2025\/08\/Faro4.jpeg?ssl=1\" data-elementor-open-lightbox=\"yes\" data-elementor-lightbox-slideshow=\"ce72d24\">\n\t\t\t<div class=\"jw-images-layout__image\">\n\t\t\t\t<img data-recalc-dims=\"1\" decoding=\"async\" class=\"jw-images-layout__image-instance\" src=\"https:\/\/i0.wp.com\/arecibolighthouse.com\/lighthouse\/wp-content\/uploads\/2025\/08\/Faro4.jpeg?w=900&#038;ssl=1\" alt=\"Arecibo LightHouse\">\t\t\t<\/div>\n\t\t\t<div class=\"jw-images-layout__content\">\n\t\t\t\t\t<div class=\"jw-images-layout__icon\"><div class=\"jw-images-layout-icon-inner\"><i aria-hidden=\"true\" class=\"fas fa-search-plus\"><\/i><\/div><\/div>\n\t\t\t\t\t\n\t\t\t<\/div>\n\t\t<\/a>\n\t<\/div>\n\t<div class=\"jw-images-layout__image-loader\"><span><\/span><\/div>\n<\/div>\n<div class=\"jw-images-layout__item\">\n\t<div class=\"jw-images-layout__inner\">\n\t\t<a class=\"jw-images-layout__link \" href=\"https:\/\/i0.wp.com\/arecibolighthouse.com\/lighthouse\/wp-content\/uploads\/2025\/08\/Faro1.jpeg?ssl=1\" data-elementor-open-lightbox=\"yes\" data-elementor-lightbox-slideshow=\"ce72d24\">\n\t\t\t<div class=\"jw-images-layout__image\">\n\t\t\t\t<img data-recalc-dims=\"1\" decoding=\"async\" class=\"jw-images-layout__image-instance\" src=\"https:\/\/i0.wp.com\/arecibolighthouse.com\/lighthouse\/wp-content\/uploads\/2025\/08\/Faro1.jpeg?w=900&#038;ssl=1\" alt=\"Arecibo LightHouse\">\t\t\t<\/div>\n\t\t\t<div class=\"jw-images-layout__content\">\n\t\t\t\t\t<div class=\"jw-images-layout__icon\"><div class=\"jw-images-layout-icon-inner\"><i aria-hidden=\"true\" class=\"fas fa-search-plus\"><\/i><\/div><\/div>\n\t\t\t\t\t\n\t\t\t<\/div>\n\t\t<\/a>\n\t<\/div>\n\t<div class=\"jw-images-layout__image-loader\"><span><\/span><\/div>\n<\/div>\n<div class=\"jw-images-layout__item\">\n\t<div class=\"jw-images-layout__inner\">\n\t\t<a class=\"jw-images-layout__link \" href=\"https:\/\/i0.wp.com\/arecibolighthouse.com\/lighthouse\/wp-content\/uploads\/2022\/07\/fotoaerea.jpg?ssl=1\" data-elementor-open-lightbox=\"yes\" data-elementor-lightbox-slideshow=\"ce72d24\">\n\t\t\t<div class=\"jw-images-layout__image\">\n\t\t\t\t<img data-recalc-dims=\"1\" decoding=\"async\" class=\"jw-images-layout__image-instance\" src=\"https:\/\/i0.wp.com\/arecibolighthouse.com\/lighthouse\/wp-content\/uploads\/2022\/07\/fotoaerea.jpg?w=900&#038;ssl=1\" alt=\"fotoaerea\">\t\t\t<\/div>\n\t\t\t<div class=\"jw-images-layout__content\">\n\t\t\t\t\t<div class=\"jw-images-layout__icon\"><div class=\"jw-images-layout-icon-inner\"><i aria-hidden=\"true\" class=\"fas fa-search-plus\"><\/i><\/div><\/div>\n\t\t\t\t\t\n\t\t\t<\/div>\n\t\t<\/a>\n\t<\/div>\n\t<div class=\"jw-images-layout__image-loader\"><span><\/span><\/div>\n<\/div>\n<div class=\"jw-images-layout__item\">\n\t<div class=\"jw-images-layout__inner\">\n\t\t<a class=\"jw-images-layout__link \" href=\"https:\/\/i0.wp.com\/arecibolighthouse.com\/lighthouse\/wp-content\/uploads\/2025\/08\/Faro3.jpeg?ssl=1\" data-elementor-open-lightbox=\"yes\" data-elementor-lightbox-slideshow=\"ce72d24\">\n\t\t\t<div class=\"jw-images-layout__image\">\n\t\t\t\t<img data-recalc-dims=\"1\" decoding=\"async\" class=\"jw-images-layout__image-instance\" src=\"https:\/\/i0.wp.com\/arecibolighthouse.com\/lighthouse\/wp-content\/uploads\/2025\/08\/Faro3.jpeg?w=900&#038;ssl=1\" alt=\"Arecibo LightHouse\">\t\t\t<\/div>\n\t\t\t<div class=\"jw-images-layout__content\">\n\t\t\t\t\t<div class=\"jw-images-layout__icon\"><div class=\"jw-images-layout-icon-inner\"><i aria-hidden=\"true\" class=\"fas fa-search-plus\"><\/i><\/div><\/div>\n\t\t\t\t\t\n\t\t\t<\/div>\n\t\t<\/a>\n\t<\/div>\n\t<div class=\"jw-images-layout__image-loader\"><span><\/span><\/div>\n<\/div>\n<\/div><\/div>\n<\/div>\t\t\t\t<\/div>\n\t\t\t\t<\/div>\n\t\t\t\t\t<\/div>\n\t\t<\/div>\n\t\t\t\t\t<\/div>\n\t\t<\/section>\n\t\t\t\t<section class=\"elementor-section elementor-top-section elementor-element elementor-element-2b746e5e elementor-section-full_width elementor-section-stretched elementor-section-height-default elementor-section-height-default\" data-id=\"2b746e5e\" data-element_type=\"section\" data-e-type=\"section\" data-settings=\"{&quot;stretch_section&quot;:&quot;section-stretched&quot;,&quot;background_background&quot;:&quot;classic&quot;}\">\n\t\t\t\t\t\t<div class=\"elementor-container elementor-column-gap-default\">\n\t\t\t\t\t<div class=\"elementor-column elementor-col-100 elementor-top-column elementor-element elementor-element-68a93d48\" data-id=\"68a93d48\" data-element_type=\"column\" data-e-type=\"column\" data-settings=\"{&quot;background_background&quot;:&quot;classic&quot;}\">\n\t\t\t<div class=\"elementor-widget-wrap elementor-element-populated\">\n\t\t\t\t\t\t<div class=\"elementor-element elementor-element-7de4f75 elementor-widget-divider--view-line_icon elementor-widget-divider--separator-type-pattern elementor-widget-divider--no-spacing elementor-view-default elementor-widget-divider--element-align-center elementor-widget elementor-widget-divider\" data-id=\"7de4f75\" data-element_type=\"widget\" data-e-type=\"widget\" data-widget_type=\"divider.default\">\n\t\t\t\t<div class=\"elementor-widget-container\">\n\t\t\t\t\t\t\t<div class=\"elementor-divider\" style=\"--divider-pattern-url: url(&quot;data:image\/svg+xml,%3Csvg xmlns=&#039;http:\/\/www.w3.org\/2000\/svg&#039; preserveAspectRatio=&#039;xMidYMid meet&#039; overflow=&#039;visible&#039; height=&#039;100%&#039; viewBox=&#039;0 0 126 26&#039; fill=&#039;black&#039; stroke=&#039;none&#039;%3E%3Cpath d=&#039;M3,10.2c2.6,0,2.6,2,2.6,3.2S4.4,16.5,3,16.5s-3-1.4-3-3.2S0.4,10.2,3,10.2z M18.8,10.2c1.7,0,3.2,1.4,3.2,3.2s-1.4,3.2-3.2,3.2c-1.7,0-3.2-1.4-3.2-3.2S17,10.2,18.8,10.2z M34.6,10.2c1.5,0,2.6,1.4,2.6,3.2s-0.5,3.2-1.9,3.2c-1.5,0-3.4-1.4-3.4-3.2S33.1,10.2,34.6,10.2z M50.5,10.2c1.7,0,3.2,1.4,3.2,3.2s-1.4,3.2-3.2,3.2c-1.7,0-3.3-0.9-3.3-2.6S48.7,10.2,50.5,10.2z M66.2,10.2c1.5,0,3.4,1.4,3.4,3.2s-1.9,3.2-3.4,3.2c-1.5,0-2.6-0.4-2.6-2.1S64.8,10.2,66.2,10.2z M82.2,10.2c1.7,0.8,2.6,1.4,2.6,3.2s-0.1,3.2-1.6,3.2c-1.5,0-3.7-1.4-3.7-3.2S80.5,9.4,82.2,10.2zM98.6,10.2c1.5,0,2.6,0.4,2.6,2.1s-1.2,4.2-2.6,4.2c-1.5,0-3.7-0.4-3.7-2.1S97.1,10.2,98.6,10.2z M113.4,10.2c1.2,0,2.2,0.9,2.2,3.2s-0.1,3.2-1.3,3.2s-3.1-1.4-3.1-3.2S112.2,10.2,113.4,10.2z&#039;\/%3E%3C\/svg%3E&quot;);\">\n\t\t\t<span class=\"elementor-divider-separator\">\n\t\t\t\t\t\t\t<div class=\"elementor-icon elementor-divider__element\">\n\t\t\t\t\t<i aria-hidden=\"true\" class=\"far fa-check-circle\"><\/i><\/div>\n\t\t\t\t\t\t<\/span>\n\t\t<\/div>\n\t\t\t\t\t\t<\/div>\n\t\t\t\t<\/div>\n\t\t\t\t<div class=\"elementor-element elementor-element-2e73985c elementor-widget elementor-widget-text-editor\" data-id=\"2e73985c\" data-element_type=\"widget\" data-e-type=\"widget\" data-widget_type=\"text-editor.default\">\n\t\t\t\t<div class=\"elementor-widget-container\">\n\t\t\t\t\t\t\t\t\t<p>No necesitas reservar para visitarnos individual o con familia.<br \/>Click here para\u00a0<a title=\"Reservaciones\" href=\"https:\/\/arecibolighthouse.com\/lighthouse\/reservaciones\/\"><strong>Reservaciones de Grupos y Recorridos<\/strong><\/a>\u00a0de 15 personas o m\u00e1s<\/p>\t\t\t\t\t\t\t\t<\/div>\n\t\t\t\t<\/div>\n\t\t\t\t\t<\/div>\n\t\t<\/div>\n\t\t\t\t\t<\/div>\n\t\t<\/section>\n\t\t\t\t<\/div>\n\t\t","protected":false},"excerpt":{"rendered":"<p>Faro de Arecibo \/ Faro Punta MorrillosEste faro fue el \u00faltimo constru\u00eddo por los espa\u00f1oles en 1898. Su ubicaci\u00f3n es de 18 grados 29&#8242; Norte, 66 grados 41.&#8217;9 Oeste en la costa norte de Puerto Rico a unas 34 millas al Oeste de San Juan. Este faro fue el \u00faltimo construido por los espa\u00f1oles en [&hellip;]<\/p>\n","protected":false},"author":1,"featured_media":3051,"parent":0,"menu_order":0,"comment_status":"closed","ping_status":"closed","template":"","meta":{"_acf_changed":false,"nf_dc_page":"","om_disable_all_campaigns":false,"inline_featured_image":false,"_monsterinsights_skip_tracking":false,"_monsterinsights_sitenote_active":false,"_monsterinsights_sitenote_note":"","_monsterinsights_sitenote_category":0,"footnotes":""},"class_list":["post-1475","page","type-page","status-publish","has-post-thumbnail","hentry"],"acf":[],"aioseo_notices":[],"jetpack_sharing_enabled":true,"_links":{"self":[{"href":"https:\/\/arecibolighthouse.com\/lighthouse\/wp-json\/wp\/v2\/pages\/1475","targetHints":{"allow":["GET"]}}],"collection":[{"href":"https:\/\/arecibolighthouse.com\/lighthouse\/wp-json\/wp\/v2\/pages"}],"about":[{"href":"https:\/\/arecibolighthouse.com\/lighthouse\/wp-json\/wp\/v2\/types\/page"}],"author":[{"embeddable":true,"href":"https:\/\/arecibolighthouse.com\/lighthouse\/wp-json\/wp\/v2\/users\/1"}],"replies":[{"embeddable":true,"href":"https:\/\/arecibolighthouse.com\/lighthouse\/wp-json\/wp\/v2\/comments?post=1475"}],"version-history":[{"count":83,"href":"https:\/\/arecibolighthouse.com\/lighthouse\/wp-json\/wp\/v2\/pages\/1475\/revisions"}],"predecessor-version":[{"id":3030,"href":"https:\/\/arecibolighthouse.com\/lighthouse\/wp-json\/wp\/v2\/pages\/1475\/revisions\/3030"}],"wp:featuredmedia":[{"embeddable":true,"href":"https:\/\/arecibolighthouse.com\/lighthouse\/wp-json\/wp\/v2\/media\/3051"}],"wp:attachment":[{"href":"https:\/\/arecibolighthouse.com\/lighthouse\/wp-json\/wp\/v2\/media?parent=1475"}],"curies":[{"name":"wp","href":"https:\/\/api.w.org\/{rel}","templated":true}]}}