{"id":1773,"date":"2025-08-19T16:48:32","date_gmt":"2025-08-19T16:48:32","guid":{"rendered":"https:\/\/arecibolighthouse.com\/lighthouse\/?page_id=1773"},"modified":"2026-01-31T20:08:51","modified_gmt":"2026-01-31T20:08:51","slug":"poblado-taino","status":"publish","type":"page","link":"https:\/\/arecibolighthouse.com\/lighthouse\/poblado-taino\/","title":{"rendered":"Poblado Taino"},"content":{"rendered":"\t\t<div data-elementor-type=\"wp-page\" data-elementor-id=\"1773\" class=\"elementor elementor-1773\">\n\t\t\t\t\t\t<div class=\"elementor-section elementor-top-section elementor-element elementor-element-744bfe4 elementor-section-boxed elementor-section-height-default elementor-section-height-default\" data-id=\"744bfe4\" data-element_type=\"section\" data-e-type=\"section\">\n\t\t\t\t\t\t<div class=\"elementor-container elementor-column-gap-default\">\n\t\t\t\t\t<div class=\"elementor-column elementor-col-100 elementor-top-column elementor-element elementor-element-16f0fa8\" data-id=\"16f0fa8\" data-element_type=\"column\" data-e-type=\"column\">\n\t\t\t<div class=\"elementor-widget-wrap elementor-element-populated\">\n\t\t\t\t\t\t<section class=\"elementor-section elementor-inner-section elementor-element elementor-element-2c6df36 elementor-section-content-middle elementor-section-boxed elementor-section-height-default elementor-section-height-default\" data-id=\"2c6df36\" data-element_type=\"section\" data-e-type=\"section\">\n\t\t\t\t\t\t<div class=\"elementor-container elementor-column-gap-custom\">\n\t\t\t\t\t<div class=\"elementor-column elementor-col-50 elementor-inner-column elementor-element elementor-element-ee8e941\" data-id=\"ee8e941\" data-element_type=\"column\" data-e-type=\"column\">\n\t\t\t<div class=\"elementor-widget-wrap elementor-element-populated\">\n\t\t\t\t\t\t<div class=\"elementor-element elementor-element-8942cb3 elementor-invisible elementor-widget elementor-widget-image\" data-id=\"8942cb3\" data-element_type=\"widget\" data-e-type=\"widget\" data-settings=\"{&quot;_animation&quot;:&quot;bounceInLeft&quot;}\" data-widget_type=\"image.default\">\n\t\t\t\t<div class=\"elementor-widget-container\">\n\t\t\t\t\t\t\t\t\t\t\t\t\t\t\t<img fetchpriority=\"high\" decoding=\"async\" width=\"1280\" height=\"852\" src=\"https:\/\/i0.wp.com\/arecibolighthouse.com\/lighthouse\/wp-content\/uploads\/2025\/08\/Tainos.jpeg?fit=1280%2C852&amp;ssl=1\" class=\"attachment-full size-full wp-image-1795\" alt=\"\" srcset=\"https:\/\/i0.wp.com\/arecibolighthouse.com\/lighthouse\/wp-content\/uploads\/2025\/08\/Tainos.jpeg?w=1280&amp;ssl=1 1280w, https:\/\/i0.wp.com\/arecibolighthouse.com\/lighthouse\/wp-content\/uploads\/2025\/08\/Tainos.jpeg?resize=300%2C200&amp;ssl=1 300w, https:\/\/i0.wp.com\/arecibolighthouse.com\/lighthouse\/wp-content\/uploads\/2025\/08\/Tainos.jpeg?resize=1024%2C682&amp;ssl=1 1024w, https:\/\/i0.wp.com\/arecibolighthouse.com\/lighthouse\/wp-content\/uploads\/2025\/08\/Tainos.jpeg?resize=768%2C511&amp;ssl=1 768w, https:\/\/i0.wp.com\/arecibolighthouse.com\/lighthouse\/wp-content\/uploads\/2025\/08\/Tainos.jpeg?resize=600%2C399&amp;ssl=1 600w\" sizes=\"(max-width: 900px) 100vw, 900px\" \/>\t\t\t\t\t\t\t\t\t\t\t\t\t\t\t<\/div>\n\t\t\t\t<\/div>\n\t\t\t\t\t<\/div>\n\t\t<\/div>\n\t\t\t\t<div class=\"elementor-column elementor-col-50 elementor-inner-column elementor-element elementor-element-adb620d\" data-id=\"adb620d\" data-element_type=\"column\" data-e-type=\"column\">\n\t\t\t<div class=\"elementor-widget-wrap elementor-element-populated\">\n\t\t\t\t\t\t<div class=\"elementor-element elementor-element-b40dfbe elementor-drop-cap-yes elementor-drop-cap-view-default elementor-widget elementor-widget-text-editor\" data-id=\"b40dfbe\" data-element_type=\"widget\" data-e-type=\"widget\" data-settings=\"{&quot;drop_cap&quot;:&quot;yes&quot;}\" data-widget_type=\"text-editor.default\">\n\t\t\t\t<div class=\"elementor-widget-container\">\n\t\t\t\t\t\t\t\t\t<p>Este poblado se conoce como el Poblado Ta\u00edno Arasibo en honor al gran Cacique que viv\u00eda en esta regi\u00f3n y del cual se deriva ARECIBO, nombre de este pueblo. Esta representaci\u00f3n cuenta con 6 Boh\u00edos, Caney, Batey, Conuco, r\u00edo artificial, mural descriptivo, figuras de india Ta\u00edna y cacique sentado en su dujo, entre otros.<\/p>\t\t\t\t\t\t\t\t<\/div>\n\t\t\t\t<\/div>\n\t\t\t\t\t<\/div>\n\t\t<\/div>\n\t\t\t\t\t<\/div>\n\t\t<\/section>\n\t\t\t\t<section class=\"elementor-section elementor-inner-section elementor-element elementor-element-5850cc5 elementor-section-content-middle elementor-section-boxed elementor-section-height-default elementor-section-height-default\" data-id=\"5850cc5\" data-element_type=\"section\" data-e-type=\"section\">\n\t\t\t\t\t\t<div class=\"elementor-container elementor-column-gap-custom\">\n\t\t\t\t\t<div class=\"elementor-column elementor-col-100 elementor-inner-column elementor-element elementor-element-6f845e1\" data-id=\"6f845e1\" data-element_type=\"column\" data-e-type=\"column\">\n\t\t\t<div class=\"elementor-widget-wrap elementor-element-populated\">\n\t\t\t\t\t\t<div class=\"elementor-element elementor-element-d89e6a5 elementor-invisible elementor-widget elementor-widget-image\" data-id=\"d89e6a5\" data-element_type=\"widget\" data-e-type=\"widget\" data-settings=\"{&quot;_animation&quot;:&quot;bounceInLeft&quot;}\" data-widget_type=\"image.default\">\n\t\t\t\t<div class=\"elementor-widget-container\">\n\t\t\t\t\t\t\t\t\t\t\t\t\t\t\t<img decoding=\"async\" width=\"1280\" height=\"852\" src=\"https:\/\/i0.wp.com\/arecibolighthouse.com\/lighthouse\/wp-content\/uploads\/2025\/08\/DSC_6607-Large.jpeg?fit=1280%2C852&amp;ssl=1\" class=\"attachment-full size-full wp-image-1796\" alt=\"\" srcset=\"https:\/\/i0.wp.com\/arecibolighthouse.com\/lighthouse\/wp-content\/uploads\/2025\/08\/DSC_6607-Large.jpeg?w=1280&amp;ssl=1 1280w, https:\/\/i0.wp.com\/arecibolighthouse.com\/lighthouse\/wp-content\/uploads\/2025\/08\/DSC_6607-Large.jpeg?resize=300%2C200&amp;ssl=1 300w, https:\/\/i0.wp.com\/arecibolighthouse.com\/lighthouse\/wp-content\/uploads\/2025\/08\/DSC_6607-Large.jpeg?resize=1024%2C682&amp;ssl=1 1024w, https:\/\/i0.wp.com\/arecibolighthouse.com\/lighthouse\/wp-content\/uploads\/2025\/08\/DSC_6607-Large.jpeg?resize=768%2C511&amp;ssl=1 768w, https:\/\/i0.wp.com\/arecibolighthouse.com\/lighthouse\/wp-content\/uploads\/2025\/08\/DSC_6607-Large.jpeg?resize=600%2C399&amp;ssl=1 600w\" sizes=\"(max-width: 900px) 100vw, 900px\" \/>\t\t\t\t\t\t\t\t\t\t\t\t\t\t\t<\/div>\n\t\t\t\t<\/div>\n\t\t\t\t\t<\/div>\n\t\t<\/div>\n\t\t\t\t\t<\/div>\n\t\t<\/section>\n\t\t\t\t\t<\/div>\n\t\t<\/div>\n\t\t\t\t\t<\/div>\n\t\t<\/div>\n\t\t\t\t<section class=\"elementor-section elementor-top-section elementor-element elementor-element-7b860103 elementor-section-full_width elementor-section-stretched elementor-section-height-default elementor-section-height-default\" data-id=\"7b860103\" data-element_type=\"section\" data-e-type=\"section\" data-settings=\"{&quot;stretch_section&quot;:&quot;section-stretched&quot;,&quot;background_background&quot;:&quot;classic&quot;}\">\n\t\t\t\t\t\t<div class=\"elementor-container elementor-column-gap-default\">\n\t\t\t\t\t<div class=\"elementor-column elementor-col-100 elementor-top-column elementor-element elementor-element-59986b62\" data-id=\"59986b62\" data-element_type=\"column\" data-e-type=\"column\" data-settings=\"{&quot;background_background&quot;:&quot;classic&quot;}\">\n\t\t\t<div class=\"elementor-widget-wrap elementor-element-populated\">\n\t\t\t\t\t\t<div class=\"elementor-element elementor-element-5aa4b7ef elementor-widget-divider--view-line_icon elementor-widget-divider--separator-type-pattern elementor-widget-divider--no-spacing elementor-view-default elementor-widget-divider--element-align-center elementor-widget elementor-widget-divider\" data-id=\"5aa4b7ef\" data-element_type=\"widget\" data-e-type=\"widget\" data-widget_type=\"divider.default\">\n\t\t\t\t<div class=\"elementor-widget-container\">\n\t\t\t\t\t\t\t<div class=\"elementor-divider\" style=\"--divider-pattern-url: url(&quot;data:image\/svg+xml,%3Csvg xmlns=&#039;http:\/\/www.w3.org\/2000\/svg&#039; preserveAspectRatio=&#039;xMidYMid meet&#039; overflow=&#039;visible&#039; height=&#039;100%&#039; viewBox=&#039;0 0 126 26&#039; fill=&#039;black&#039; stroke=&#039;none&#039;%3E%3Cpath d=&#039;M3,10.2c2.6,0,2.6,2,2.6,3.2S4.4,16.5,3,16.5s-3-1.4-3-3.2S0.4,10.2,3,10.2z M18.8,10.2c1.7,0,3.2,1.4,3.2,3.2s-1.4,3.2-3.2,3.2c-1.7,0-3.2-1.4-3.2-3.2S17,10.2,18.8,10.2z M34.6,10.2c1.5,0,2.6,1.4,2.6,3.2s-0.5,3.2-1.9,3.2c-1.5,0-3.4-1.4-3.4-3.2S33.1,10.2,34.6,10.2z M50.5,10.2c1.7,0,3.2,1.4,3.2,3.2s-1.4,3.2-3.2,3.2c-1.7,0-3.3-0.9-3.3-2.6S48.7,10.2,50.5,10.2z M66.2,10.2c1.5,0,3.4,1.4,3.4,3.2s-1.9,3.2-3.4,3.2c-1.5,0-2.6-0.4-2.6-2.1S64.8,10.2,66.2,10.2z M82.2,10.2c1.7,0.8,2.6,1.4,2.6,3.2s-0.1,3.2-1.6,3.2c-1.5,0-3.7-1.4-3.7-3.2S80.5,9.4,82.2,10.2zM98.6,10.2c1.5,0,2.6,0.4,2.6,2.1s-1.2,4.2-2.6,4.2c-1.5,0-3.7-0.4-3.7-2.1S97.1,10.2,98.6,10.2z M113.4,10.2c1.2,0,2.2,0.9,2.2,3.2s-0.1,3.2-1.3,3.2s-3.1-1.4-3.1-3.2S112.2,10.2,113.4,10.2z&#039;\/%3E%3C\/svg%3E&quot;);\">\n\t\t\t<span class=\"elementor-divider-separator\">\n\t\t\t\t\t\t\t<div class=\"elementor-icon elementor-divider__element\">\n\t\t\t\t\t<i aria-hidden=\"true\" class=\"far fa-check-circle\"><\/i><\/div>\n\t\t\t\t\t\t<\/span>\n\t\t<\/div>\n\t\t\t\t\t\t<\/div>\n\t\t\t\t<\/div>\n\t\t\t\t<div class=\"elementor-element elementor-element-36cb2757 elementor-widget elementor-widget-text-editor\" data-id=\"36cb2757\" data-element_type=\"widget\" data-e-type=\"widget\" data-widget_type=\"text-editor.default\">\n\t\t\t\t<div class=\"elementor-widget-container\">\n\t\t\t\t\t\t\t\t\t<p>No necesitas reservar para visitarnos individual o con familia.<br \/>Click here para\u00a0<a href=\"https:\/\/arecibolighthouse.com\/lighthouse\/reservaciones-online\/\"><strong>Reservaciones de Grupos y Recorridos<\/strong><\/a>\u00a0de 15 personas o m\u00e1s<\/p>\t\t\t\t\t\t\t\t<\/div>\n\t\t\t\t<\/div>\n\t\t\t\t\t<\/div>\n\t\t<\/div>\n\t\t\t\t\t<\/div>\n\t\t<\/section>\n\t\t\t\t<\/div>\n\t\t","protected":false},"excerpt":{"rendered":"<p>Este poblado se conoce como el Poblado Ta\u00edno Arasibo en honor al gran Cacique que viv\u00eda en esta regi\u00f3n y del cual se deriva ARECIBO, nombre de este pueblo. Esta representaci\u00f3n cuenta con 6 Boh\u00edos, Caney, Batey, Conuco, r\u00edo artificial, mural descriptivo, figuras de india Ta\u00edna y cacique sentado en su dujo, entre otros. No [&hellip;]<\/p>\n","protected":false},"author":1,"featured_media":3042,"parent":0,"menu_order":0,"comment_status":"closed","ping_status":"closed","template":"","meta":{"_acf_changed":false,"nf_dc_page":"","om_disable_all_campaigns":false,"inline_featured_image":false,"_monsterinsights_skip_tracking":false,"_monsterinsights_sitenote_active":false,"_monsterinsights_sitenote_note":"","_monsterinsights_sitenote_category":0,"footnotes":""},"class_list":["post-1773","page","type-page","status-publish","has-post-thumbnail","hentry"],"acf":[],"aioseo_notices":[],"jetpack_sharing_enabled":true,"_links":{"self":[{"href":"https:\/\/arecibolighthouse.com\/lighthouse\/wp-json\/wp\/v2\/pages\/1773","targetHints":{"allow":["GET"]}}],"collection":[{"href":"https:\/\/arecibolighthouse.com\/lighthouse\/wp-json\/wp\/v2\/pages"}],"about":[{"href":"https:\/\/arecibolighthouse.com\/lighthouse\/wp-json\/wp\/v2\/types\/page"}],"author":[{"embeddable":true,"href":"https:\/\/arecibolighthouse.com\/lighthouse\/wp-json\/wp\/v2\/users\/1"}],"replies":[{"embeddable":true,"href":"https:\/\/arecibolighthouse.com\/lighthouse\/wp-json\/wp\/v2\/comments?post=1773"}],"version-history":[{"count":30,"href":"https:\/\/arecibolighthouse.com\/lighthouse\/wp-json\/wp\/v2\/pages\/1773\/revisions"}],"predecessor-version":[{"id":3043,"href":"https:\/\/arecibolighthouse.com\/lighthouse\/wp-json\/wp\/v2\/pages\/1773\/revisions\/3043"}],"wp:featuredmedia":[{"embeddable":true,"href":"https:\/\/arecibolighthouse.com\/lighthouse\/wp-json\/wp\/v2\/media\/3042"}],"wp:attachment":[{"href":"https:\/\/arecibolighthouse.com\/lighthouse\/wp-json\/wp\/v2\/media?parent=1773"}],"curies":[{"name":"wp","href":"https:\/\/api.w.org\/{rel}","templated":true}]}}