{"id":2252,"date":"2025-09-12T18:04:22","date_gmt":"2025-09-12T18:04:22","guid":{"rendered":"https:\/\/arecibolighthouse.com\/lighthouse\/?page_id=2252"},"modified":"2026-01-31T23:40:44","modified_gmt":"2026-01-31T23:40:44","slug":"educativo","status":"publish","type":"page","link":"https:\/\/arecibolighthouse.com\/lighthouse\/educativo\/","title":{"rendered":"Reservaciones"},"content":{"rendered":"\t\t<div data-elementor-type=\"wp-page\" data-elementor-id=\"2252\" class=\"elementor elementor-2252\">\n\t\t\t\t\t\t<section class=\"elementor-section elementor-top-section elementor-element elementor-element-e42a5d9 elementor-section-boxed elementor-section-height-default elementor-section-height-default\" data-id=\"e42a5d9\" data-element_type=\"section\" data-e-type=\"section\">\n\t\t\t\t\t\t<div class=\"elementor-container elementor-column-gap-default\">\n\t\t\t\t\t<div class=\"elementor-column elementor-col-100 elementor-top-column elementor-element elementor-element-18c5b6b\" data-id=\"18c5b6b\" data-element_type=\"column\" data-e-type=\"column\">\n\t\t\t<div class=\"elementor-widget-wrap elementor-element-populated\">\n\t\t\t\t\t\t<div class=\"elementor-element elementor-element-5e4d073 elementor-widget elementor-widget-heading\" data-id=\"5e4d073\" data-element_type=\"widget\" data-e-type=\"widget\" data-widget_type=\"heading.default\">\n\t\t\t\t<div class=\"elementor-widget-container\">\n\t\t\t\t\t<h2 class=\"elementor-heading-title elementor-size-default\">Las reservaciones deben realizarse con un m\u00ednimo de una semana de anticipaci\u00f3n.<\/h2>\t\t\t\t<\/div>\n\t\t\t\t<\/div>\n\t\t\t\t\t<\/div>\n\t\t<\/div>\n\t\t\t\t\t<\/div>\n\t\t<\/section>\n\t\t\t\t<section class=\"elementor-section elementor-top-section elementor-element elementor-element-3e6f99bd elementor-section-full_width elementor-section-stretched elementor-section-height-default elementor-section-height-default\" data-id=\"3e6f99bd\" data-element_type=\"section\" data-e-type=\"section\" data-settings=\"{&quot;background_background&quot;:&quot;classic&quot;,&quot;stretch_section&quot;:&quot;section-stretched&quot;}\">\n\t\t\t\t\t\t<div class=\"elementor-container elementor-column-gap-default\">\n\t\t\t\t\t<div class=\"elementor-column elementor-col-100 elementor-top-column elementor-element elementor-element-ad18b1d\" data-id=\"ad18b1d\" data-element_type=\"column\" data-e-type=\"column\" data-settings=\"{&quot;background_background&quot;:&quot;classic&quot;}\">\n\t\t\t<div class=\"elementor-widget-wrap elementor-element-populated\">\n\t\t\t\t\t\t<section class=\"elementor-section elementor-inner-section elementor-element elementor-element-4bf804a4 elementor-section-content-middle elementor-section-boxed elementor-section-height-default elementor-section-height-default\" data-id=\"4bf804a4\" data-element_type=\"section\" data-e-type=\"section\" data-settings=\"{&quot;background_background&quot;:&quot;classic&quot;}\">\n\t\t\t\t\t\t<div class=\"elementor-container elementor-column-gap-no\">\n\t\t\t\t\t<div class=\"elementor-column elementor-col-50 elementor-inner-column elementor-element elementor-element-756b9e7b elementor-invisible\" data-id=\"756b9e7b\" data-element_type=\"column\" data-e-type=\"column\" data-settings=\"{&quot;background_background&quot;:&quot;classic&quot;,&quot;animation&quot;:&quot;fadeInUp&quot;}\">\n\t\t\t<div class=\"elementor-widget-wrap elementor-element-populated\">\n\t\t\t\t\t\t<div class=\"elementor-element elementor-element-2ce4457c elementor-widget elementor-widget-text-editor\" data-id=\"2ce4457c\" data-element_type=\"widget\" data-e-type=\"widget\" data-widget_type=\"text-editor.default\">\n\t\t\t\t<div class=\"elementor-widget-container\">\n\t\t\t\t\t\t\t\t\t<h1 style=\"text-align: center;\">OFERTA #1<\/h1><h3 style=\"text-align: center;\">Grupos Escolares con Almuerzo<\/h3><p style=\"text-align: center;\">\u00a1Diversi\u00f3n y buen apetito, todo en uno! Disponible para grupos a partir de 15 personas, esta experiencia \u00fanica incluye:<\/p><ul><li style=\"text-align: left;\">Entrada a todas nuestras facilidades<\/li><li>Acceso sin l\u00edmite de tiempo<\/li><li>Recorrido guiado por un gu\u00eda tur\u00edstico experto<\/li><li>Fascinante charla hist\u00f3rica<\/li><li>Delicioso almuerzo, a elegir de nuestro men\u00fa especial para grupos<\/li><li>Acceso opcional al refrescante Splash Zone<\/li><\/ul>\t\t\t\t\t\t\t\t<\/div>\n\t\t\t\t<\/div>\n\t\t\t\t\t<\/div>\n\t\t<\/div>\n\t\t\t\t<div class=\"elementor-column elementor-col-50 elementor-inner-column elementor-element elementor-element-6a0fd24 elementor-invisible\" data-id=\"6a0fd24\" data-element_type=\"column\" data-e-type=\"column\" data-settings=\"{&quot;background_background&quot;:&quot;classic&quot;,&quot;animation&quot;:&quot;fadeInUp&quot;,&quot;animation_delay&quot;:20}\">\n\t\t\t<div class=\"elementor-widget-wrap elementor-element-populated\">\n\t\t\t\t\t\t<div class=\"elementor-element elementor-element-742c80b elementor-widget elementor-widget-text-editor\" data-id=\"742c80b\" data-element_type=\"widget\" data-e-type=\"widget\" data-widget_type=\"text-editor.default\">\n\t\t\t\t<div class=\"elementor-widget-container\">\n\t\t\t\t\t\t\t\t\t<h1 style=\"text-align: center;\">OFERTA #2<\/h1><h3 style=\"text-align: center;\">Grupos Escolares sin Almuerzo<\/h3><p style=\"text-align: center;\">\u00a1Diversi\u00f3n sin pausas, desde el principio hasta el final! Disponible para grupos a partir de 15 personas, esta experiencia \u00fanica incluye:<\/p><ul><li>Entrada a todas nuestras facilidades<\/li><li>Acceso sin l\u00edmite de tiempo<\/li><li>Recorrido guiado por un gu\u00eda tur\u00edstico experto\u00a0<\/li><li>Fascinante charla hist\u00f3rica<\/li><li>Acceso opcional al refrescante Splash Zone<\/li><\/ul><p style=\"text-align: center;\"><strong>\u00a0<\/strong><\/p>\t\t\t\t\t\t\t\t<\/div>\n\t\t\t\t<\/div>\n\t\t\t\t\t<\/div>\n\t\t<\/div>\n\t\t\t\t\t<\/div>\n\t\t<\/section>\n\t\t\t\t<section class=\"elementor-section elementor-inner-section elementor-element elementor-element-4a4fd0e2 elementor-section-content-middle elementor-section-boxed elementor-section-height-default elementor-section-height-default\" data-id=\"4a4fd0e2\" data-element_type=\"section\" data-e-type=\"section\" data-settings=\"{&quot;background_background&quot;:&quot;classic&quot;}\">\n\t\t\t\t\t\t<div class=\"elementor-container elementor-column-gap-no\">\n\t\t\t\t\t<div class=\"elementor-column elementor-col-50 elementor-inner-column elementor-element elementor-element-268b8977 elementor-invisible\" data-id=\"268b8977\" data-element_type=\"column\" data-e-type=\"column\" data-settings=\"{&quot;background_background&quot;:&quot;classic&quot;,&quot;animation&quot;:&quot;fadeInUp&quot;}\">\n\t\t\t<div class=\"elementor-widget-wrap elementor-element-populated\">\n\t\t\t\t\t\t<div class=\"elementor-element elementor-element-1b5cbf24 elementor-widget elementor-widget-text-editor\" data-id=\"1b5cbf24\" data-element_type=\"widget\" data-e-type=\"widget\" data-widget_type=\"text-editor.default\">\n\t\t\t\t<div class=\"elementor-widget-container\">\n\t\t\t\t\t\t\t\t\t<h1 style=\"text-align: center;\">OFERTA #3<\/h1><h3 style=\"text-align: center;\">Grupos Generales con Almuerzo<\/h3><p style=\"text-align: center;\">\u00a1Diversi\u00f3n y buen apetito, todo en uno! Disponible para grupos a partir de 15 personas, esta experiencia \u00fanica incluye:<\/p><ul><li style=\"text-align: left;\">Entrada a todas nuestras facilidades<\/li><li style=\"text-align: left;\">Acceso sin l\u00edmite de tiempo<\/li><li style=\"text-align: left;\">Recorrido guiado por un gu\u00eda tur\u00edstico experto<\/li><li style=\"text-align: left;\">Fascinante charla hist\u00f3rica<\/li><li style=\"text-align: left;\">Delicioso almuerzo, a elegir de nuestro men\u00fa especial para grupos<\/li><li style=\"text-align: left;\">Acceso opcional al refrescante Splash Zone<\/li><\/ul>\t\t\t\t\t\t\t\t<\/div>\n\t\t\t\t<\/div>\n\t\t\t\t\t<\/div>\n\t\t<\/div>\n\t\t\t\t<div class=\"elementor-column elementor-col-50 elementor-inner-column elementor-element elementor-element-4e240bb elementor-invisible\" data-id=\"4e240bb\" data-element_type=\"column\" data-e-type=\"column\" data-settings=\"{&quot;background_background&quot;:&quot;classic&quot;,&quot;animation&quot;:&quot;fadeInUp&quot;,&quot;animation_delay&quot;:20}\">\n\t\t\t<div class=\"elementor-widget-wrap elementor-element-populated\">\n\t\t\t\t\t\t<div class=\"elementor-element elementor-element-33cde1fa elementor-widget elementor-widget-text-editor\" data-id=\"33cde1fa\" data-element_type=\"widget\" data-e-type=\"widget\" data-widget_type=\"text-editor.default\">\n\t\t\t\t<div class=\"elementor-widget-container\">\n\t\t\t\t\t\t\t\t\t<h1 style=\"text-align: center;\">OFERTA #4<\/h1><h3 style=\"text-align: center;\">Grupos Generales sin Almuerzo<\/h3><p style=\"text-align: center;\">\u00a1Diversi\u00f3n sin pausas, desde el principio hasta el final! Disponible para grupos a partir de 15 personas, esta experiencia \u00fanica incluye:<\/p><ul><li>Entrada a todas nuestras facilidades<\/li><li>Acceso sin l\u00edmite de tiempo<\/li><li>Recorrido guiado por un gu\u00eda tur\u00edstico experto<\/li><li>Fascinante charla hist\u00f3rica<\/li><li>Acceso opcional al refrescante Splash Zone<\/li><\/ul><p style=\"text-align: center;\"><strong>\u00a0<\/strong><\/p>\t\t\t\t\t\t\t\t<\/div>\n\t\t\t\t<\/div>\n\t\t\t\t\t<\/div>\n\t\t<\/div>\n\t\t\t\t\t<\/div>\n\t\t<\/section>\n\t\t\t\t\t<\/div>\n\t\t<\/div>\n\t\t\t\t\t<\/div>\n\t\t<\/section>\n\t\t<div class=\"elementor-element elementor-element-e47da2d e-flex e-con-boxed e-con e-parent\" data-id=\"e47da2d\" data-element_type=\"container\" data-e-type=\"container\">\n\t\t\t\t\t<div class=\"e-con-inner\">\n\t\t\t\t<div class=\"elementor-element elementor-element-fb1ebdb elementor-widget elementor-widget-heading\" data-id=\"fb1ebdb\" data-element_type=\"widget\" data-e-type=\"widget\" data-widget_type=\"heading.default\">\n\t\t\t\t<div class=\"elementor-widget-container\">\n\t\t\t\t\t<h1 class=\"elementor-heading-title elementor-size-default\">Mapa de Recorrido<\/h1>\t\t\t\t<\/div>\n\t\t\t\t<\/div>\n\t\t\t\t<div class=\"elementor-element elementor-element-5e76e76 elementor-widget elementor-widget-button\" data-id=\"5e76e76\" data-element_type=\"widget\" data-e-type=\"widget\" data-widget_type=\"button.default\">\n\t\t\t\t<div class=\"elementor-widget-container\">\n\t\t\t\t\t\t\t\t\t<div class=\"elementor-button-wrapper\">\n\t\t\t\t\t<a class=\"elementor-button elementor-button-link elementor-size-sm\" href=\"https:\/\/arecibolighthouse.com\/lighthouse\/wp-content\/uploads\/2025\/10\/mapa-2025-ALHHP.pdf\">\n\t\t\t\t\t\t<span class=\"elementor-button-content-wrapper\">\n\t\t\t\t\t\t\t\t\t<span class=\"elementor-button-text\">Descargar Mapa en PDF<\/span>\n\t\t\t\t\t<\/span>\n\t\t\t\t\t<\/a>\n\t\t\t\t<\/div>\n\t\t\t\t\t\t\t\t<\/div>\n\t\t\t\t<\/div>\n\t\t\t\t<div class=\"elementor-element elementor-element-9dd836c elementor-widget elementor-widget-image\" data-id=\"9dd836c\" data-element_type=\"widget\" data-e-type=\"widget\" data-widget_type=\"image.default\">\n\t\t\t\t<div class=\"elementor-widget-container\">\n\t\t\t\t\t\t\t\t\t\t\t\t\t\t\t<img fetchpriority=\"high\" decoding=\"async\" width=\"900\" height=\"695\" src=\"https:\/\/i0.wp.com\/arecibolighthouse.com\/lighthouse\/wp-content\/uploads\/2026\/01\/mapa-de-Recorrido.png?fit=900%2C695&amp;ssl=1\" class=\"attachment-large size-large wp-image-3077\" alt=\"\" srcset=\"https:\/\/i0.wp.com\/arecibolighthouse.com\/lighthouse\/wp-content\/uploads\/2026\/01\/mapa-de-Recorrido.png?w=1999&amp;ssl=1 1999w, https:\/\/i0.wp.com\/arecibolighthouse.com\/lighthouse\/wp-content\/uploads\/2026\/01\/mapa-de-Recorrido.png?resize=300%2C232&amp;ssl=1 300w, https:\/\/i0.wp.com\/arecibolighthouse.com\/lighthouse\/wp-content\/uploads\/2026\/01\/mapa-de-Recorrido.png?resize=1024%2C791&amp;ssl=1 1024w, https:\/\/i0.wp.com\/arecibolighthouse.com\/lighthouse\/wp-content\/uploads\/2026\/01\/mapa-de-Recorrido.png?resize=768%2C594&amp;ssl=1 768w, https:\/\/i0.wp.com\/arecibolighthouse.com\/lighthouse\/wp-content\/uploads\/2026\/01\/mapa-de-Recorrido.png?resize=1536%2C1187&amp;ssl=1 1536w, https:\/\/i0.wp.com\/arecibolighthouse.com\/lighthouse\/wp-content\/uploads\/2026\/01\/mapa-de-Recorrido.png?resize=600%2C464&amp;ssl=1 600w, https:\/\/i0.wp.com\/arecibolighthouse.com\/lighthouse\/wp-content\/uploads\/2026\/01\/mapa-de-Recorrido.png?w=1800&amp;ssl=1 1800w\" sizes=\"(max-width: 900px) 100vw, 900px\" \/>\t\t\t\t\t\t\t\t\t\t\t\t\t\t\t<\/div>\n\t\t\t\t<\/div>\n\t\t\t\t\t<\/div>\n\t\t\t\t<\/div>\n\t\t\t\t<section class=\"elementor-section elementor-top-section elementor-element elementor-element-617346d3 elementor-section-full_width elementor-section-stretched elementor-section-height-default elementor-section-height-default\" data-id=\"617346d3\" data-element_type=\"section\" data-e-type=\"section\" data-settings=\"{&quot;stretch_section&quot;:&quot;section-stretched&quot;,&quot;background_background&quot;:&quot;classic&quot;}\">\n\t\t\t\t\t\t<div class=\"elementor-container elementor-column-gap-default\">\n\t\t\t\t\t<div class=\"elementor-column elementor-col-100 elementor-top-column elementor-element elementor-element-2bfac53a\" data-id=\"2bfac53a\" data-element_type=\"column\" data-e-type=\"column\" data-settings=\"{&quot;background_background&quot;:&quot;classic&quot;}\">\n\t\t\t<div class=\"elementor-widget-wrap elementor-element-populated\">\n\t\t\t\t\t\t<div class=\"elementor-element elementor-element-33388132 elementor-widget-divider--view-line_icon elementor-widget-divider--separator-type-pattern elementor-widget-divider--no-spacing elementor-view-default elementor-widget-divider--element-align-center elementor-widget elementor-widget-divider\" data-id=\"33388132\" data-element_type=\"widget\" data-e-type=\"widget\" data-widget_type=\"divider.default\">\n\t\t\t\t<div class=\"elementor-widget-container\">\n\t\t\t\t\t\t\t<div class=\"elementor-divider\" style=\"--divider-pattern-url: url(&quot;data:image\/svg+xml,%3Csvg xmlns=&#039;http:\/\/www.w3.org\/2000\/svg&#039; preserveAspectRatio=&#039;xMidYMid meet&#039; overflow=&#039;visible&#039; height=&#039;100%&#039; viewBox=&#039;0 0 126 26&#039; fill=&#039;black&#039; stroke=&#039;none&#039;%3E%3Cpath d=&#039;M3,10.2c2.6,0,2.6,2,2.6,3.2S4.4,16.5,3,16.5s-3-1.4-3-3.2S0.4,10.2,3,10.2z M18.8,10.2c1.7,0,3.2,1.4,3.2,3.2s-1.4,3.2-3.2,3.2c-1.7,0-3.2-1.4-3.2-3.2S17,10.2,18.8,10.2z M34.6,10.2c1.5,0,2.6,1.4,2.6,3.2s-0.5,3.2-1.9,3.2c-1.5,0-3.4-1.4-3.4-3.2S33.1,10.2,34.6,10.2z M50.5,10.2c1.7,0,3.2,1.4,3.2,3.2s-1.4,3.2-3.2,3.2c-1.7,0-3.3-0.9-3.3-2.6S48.7,10.2,50.5,10.2z M66.2,10.2c1.5,0,3.4,1.4,3.4,3.2s-1.9,3.2-3.4,3.2c-1.5,0-2.6-0.4-2.6-2.1S64.8,10.2,66.2,10.2z M82.2,10.2c1.7,0.8,2.6,1.4,2.6,3.2s-0.1,3.2-1.6,3.2c-1.5,0-3.7-1.4-3.7-3.2S80.5,9.4,82.2,10.2zM98.6,10.2c1.5,0,2.6,0.4,2.6,2.1s-1.2,4.2-2.6,4.2c-1.5,0-3.7-0.4-3.7-2.1S97.1,10.2,98.6,10.2z M113.4,10.2c1.2,0,2.2,0.9,2.2,3.2s-0.1,3.2-1.3,3.2s-3.1-1.4-3.1-3.2S112.2,10.2,113.4,10.2z&#039;\/%3E%3C\/svg%3E&quot;);\">\n\t\t\t<span class=\"elementor-divider-separator\">\n\t\t\t\t\t\t\t<div class=\"elementor-icon elementor-divider__element\">\n\t\t\t\t\t<i aria-hidden=\"true\" class=\"far fa-check-circle\"><\/i><\/div>\n\t\t\t\t\t\t<\/span>\n\t\t<\/div>\n\t\t\t\t\t\t<\/div>\n\t\t\t\t<\/div>\n\t\t\t\t\t<\/div>\n\t\t<\/div>\n\t\t\t\t\t<\/div>\n\t\t<\/section>\n\t\t\t\t<section class=\"elementor-section elementor-top-section elementor-element elementor-element-0469818 elementor-section-boxed elementor-section-height-default elementor-section-height-default\" data-id=\"0469818\" data-element_type=\"section\" data-e-type=\"section\">\n\t\t\t\t\t\t<div class=\"elementor-container elementor-column-gap-default\">\n\t\t\t\t\t<div class=\"elementor-column elementor-col-100 elementor-top-column elementor-element elementor-element-0c8348c\" data-id=\"0c8348c\" data-element_type=\"column\" data-e-type=\"column\">\n\t\t\t<div class=\"elementor-widget-wrap elementor-element-populated\">\n\t\t\t\t\t\t<div class=\"elementor-element elementor-element-bd4b538 elementor-widget elementor-widget-wpforms\" data-id=\"bd4b538\" data-element_type=\"widget\" data-e-type=\"widget\" data-widget_type=\"wpforms.default\">\n\t\t\t\t<div class=\"elementor-widget-container\">\n\t\t\t\t\t<div class=\"wpforms-container wpforms-container-full wpforms-render-modern\" id=\"wpforms-2259\"><form id=\"wpforms-form-2259\" class=\"wpforms-validate wpforms-form wpforms-ajax-form\" data-formid=\"2259\" method=\"post\" enctype=\"multipart\/form-data\" action=\"\/lighthouse\/wp-json\/wp\/v2\/pages\/2252\" data-token=\"efa048c021790aeb8d995b13684de73c\" data-token-time=\"1778524340\"><noscript class=\"wpforms-error-noscript\">Please enable JavaScript in your browser to complete this form.<\/noscript><div id=\"wpforms-error-noscript\" style=\"display: none;\">Please enable JavaScript in your browser to complete this form.<\/div><div class=\"wpforms-field-container\"><div id=\"wpforms-2259-field_1-container\" class=\"wpforms-field wpforms-field-name\" data-field-id=\"1\"><label class=\"wpforms-field-label\" for=\"wpforms-2259-field_1\">Name <span class=\"wpforms-required-label\" aria-hidden=\"true\">*<\/span><\/label><input type=\"text\" id=\"wpforms-2259-field_1\" class=\"wpforms-field-medium wpforms-field-required\" name=\"wpforms[fields][1]\" aria-errormessage=\"wpforms-2259-field_1-error\" required><\/div><div id=\"wpforms-2259-field_9-container\" class=\"wpforms-field wpforms-field-number\" data-field-id=\"9\"><label class=\"wpforms-field-label\" for=\"wpforms-2259-field_9\">Telefono <span class=\"wpforms-required-label\" aria-hidden=\"true\">*<\/span><\/label><input type=\"number\" id=\"wpforms-2259-field_9\" class=\"wpforms-field-medium wpforms-field-required\" name=\"wpforms[fields][9]\" step=\"any\" aria-errormessage=\"wpforms-2259-field_9-error\" required><\/div><div id=\"wpforms-2259-field_8-container\" class=\"wpforms-field wpforms-field-email\" data-field-id=\"8\"><label class=\"wpforms-field-label\" for=\"wpforms-2259-field_8\">Email <span class=\"wpforms-required-label\" aria-hidden=\"true\">*<\/span><\/label><input type=\"email\" id=\"wpforms-2259-field_8\" class=\"wpforms-field-medium wpforms-field-required\" name=\"wpforms[fields][8]\" spellcheck=\"false\" aria-errormessage=\"wpforms-2259-field_8-error\" required><\/div><div id=\"wpforms-2259-field_10-container\" class=\"wpforms-field wpforms-field-text\" data-field-id=\"10\"><label class=\"wpforms-field-label\" for=\"wpforms-2259-field_10\">Escuela o Instituci\u00f3n <span class=\"wpforms-required-label\" aria-hidden=\"true\">*<\/span><\/label><input type=\"text\" id=\"wpforms-2259-field_10\" class=\"wpforms-field-medium wpforms-field-required\" name=\"wpforms[fields][10]\" aria-errormessage=\"wpforms-2259-field_10-error\" required><\/div>\t\t<div id=\"wpforms-2259-field_2-container\"\n\t\t\tclass=\"wpforms-field wpforms-field-text\"\n\t\t\tdata-field-type=\"text\"\n\t\t\tdata-field-id=\"2\"\n\t\t\t>\n\t\t\t<label class=\"wpforms-field-label\" for=\"wpforms-2259-field_2\" >Fecha de Escuela<\/label>\n\t\t\t<input type=\"text\" id=\"wpforms-2259-field_2\" class=\"wpforms-field-medium\" name=\"wpforms[fields][2]\" >\n\t\t<\/div>\n\t\t<div id=\"wpforms-2259-field_12-container\" class=\"wpforms-field wpforms-field-text\" data-field-id=\"12\"><label class=\"wpforms-field-label\" for=\"wpforms-2259-field_12\">Fecha de Excursion <span class=\"wpforms-required-label\" aria-hidden=\"true\">*<\/span><\/label><input type=\"text\" id=\"wpforms-2259-field_12\" class=\"wpforms-field-medium wpforms-field-required\" name=\"wpforms[fields][12]\" aria-errormessage=\"wpforms-2259-field_12-error\" required><\/div><div id=\"wpforms-2259-field_16-container\" class=\"wpforms-field wpforms-field-number\" data-field-id=\"16\"><label class=\"wpforms-field-label\" for=\"wpforms-2259-field_16\">Cantidad de Participantes <span class=\"wpforms-required-label\" aria-hidden=\"true\">*<\/span><\/label><input type=\"number\" id=\"wpforms-2259-field_16\" class=\"wpforms-field-medium wpforms-field-required\" name=\"wpforms[fields][16]\" step=\"any\" aria-errormessage=\"wpforms-2259-field_16-error\" required><\/div><div id=\"wpforms-2259-field_17-container\" class=\"wpforms-field wpforms-field-number\" data-field-id=\"17\"><label class=\"wpforms-field-label\" for=\"wpforms-2259-field_17\">Cantidad de Maestros <span class=\"wpforms-required-label\" aria-hidden=\"true\">*<\/span><\/label><input type=\"number\" id=\"wpforms-2259-field_17\" class=\"wpforms-field-medium wpforms-field-required\" name=\"wpforms[fields][17]\" step=\"any\" aria-errormessage=\"wpforms-2259-field_17-error\" required><\/div><div id=\"wpforms-2259-field_6-container\" class=\"wpforms-field wpforms-field-select wpforms-field-select-style-classic\" data-field-id=\"6\"><label class=\"wpforms-field-label\" for=\"wpforms-2259-field_6\">Oferta deseada <span class=\"wpforms-required-label\" aria-hidden=\"true\">*<\/span><\/label><select id=\"wpforms-2259-field_6\" class=\"wpforms-field-medium wpforms-field-required\" name=\"wpforms[fields][6]\" required=\"required\"><option value=\"\" class=\"placeholder\" disabled  selected='selected'>--- Select Choice ---<\/option><option value=\"Grupo Escolar con Almuerzo\"  class=\"choice-4 depth-1\"  >Grupo Escolar con Almuerzo<\/option><option value=\"Grupo Escolar sin almuerzo\"  class=\"choice-1 depth-1\"  >Grupo Escolar sin almuerzo<\/option><option value=\"Grupo General con Almuerzo\"  class=\"choice-2 depth-1\"  >Grupo General con Almuerzo<\/option><option value=\"Grupo General soin Almuerzo\"  class=\"choice-3 depth-1\"  >Grupo General soin Almuerzo<\/option><\/select><\/div><div id=\"wpforms-2259-field_7-container\" class=\"wpforms-field wpforms-field-textarea\" data-field-id=\"7\"><label class=\"wpforms-field-label\" for=\"wpforms-2259-field_7\">Informaci\u00f3n Adicional<\/label><textarea id=\"wpforms-2259-field_7\" class=\"wpforms-field-medium\" name=\"wpforms[fields][7]\" aria-errormessage=\"wpforms-2259-field_7-error\" ><\/textarea><\/div><script>\n\t\t\t\t( function() {\n\t\t\t\t\tconst style = document.createElement( 'style' );\n\t\t\t\t\tstyle.appendChild( document.createTextNode( '#wpforms-2259-field_2-container { position: absolute !important; overflow: hidden !important; display: inline !important; height: 1px !important; width: 1px !important; z-index: -1000 !important; padding: 0 !important; } #wpforms-2259-field_2-container input { visibility: hidden; } #wpforms-conversational-form-page #wpforms-2259-field_2-container label { counter-increment: none; }' ) );\n\t\t\t\t\tdocument.head.appendChild( style );\n\t\t\t\t\tdocument.currentScript?.remove();\n\t\t\t\t} )();\n\t\t\t<\/script><\/div><!-- .wpforms-field-container --><div class=\"wpforms-submit-container\" ><input type=\"hidden\" name=\"wpforms[id]\" value=\"2259\"><input type=\"hidden\" name=\"page_title\" value=\"\"><input type=\"hidden\" name=\"page_url\" value=\"https:\/\/arecibolighthouse.com\/lighthouse\/wp-json\/wp\/v2\/pages\/2252\"><input type=\"hidden\" name=\"url_referer\" value=\"\"><button type=\"submit\" name=\"wpforms[submit]\" id=\"wpforms-submit-2259\" class=\"wpforms-submit\" data-alt-text=\"Enviando...\" data-submit-text=\"Enviar\" aria-live=\"assertive\" value=\"wpforms-submit\">Enviar<\/button><img decoding=\"async\" src=\"https:\/\/arecibolighthouse.com\/lighthouse\/wp-content\/plugins\/wpforms-lite\/assets\/images\/submit-spin.svg\" class=\"wpforms-submit-spinner\" style=\"display: none;\" width=\"26\" height=\"26\" alt=\"Loading\"><\/div><\/form><\/div>  <!-- .wpforms-container -->\t\t\t\t<\/div>\n\t\t\t\t<\/div>\n\t\t\t\t\t<\/div>\n\t\t<\/div>\n\t\t\t\t\t<\/div>\n\t\t<\/section>\n\t\t\t\t<\/div>\n\t\t","protected":false},"excerpt":{"rendered":"<p>Las reservaciones deben realizarse con un m\u00ednimo de una semana de anticipaci\u00f3n. OFERTA #1 Grupos Escolares con Almuerzo \u00a1Diversi\u00f3n y buen apetito, todo en uno! Disponible para grupos a partir de 15 personas, esta experiencia \u00fanica incluye: Entrada a todas nuestras facilidades Acceso sin l\u00edmite de tiempo Recorrido guiado por un gu\u00eda tur\u00edstico experto Fascinante [&hellip;]<\/p>\n","protected":false},"author":1,"featured_media":3017,"parent":0,"menu_order":0,"comment_status":"closed","ping_status":"closed","template":"","meta":{"_acf_changed":false,"nf_dc_page":"","om_disable_all_campaigns":false,"inline_featured_image":false,"_monsterinsights_skip_tracking":false,"_monsterinsights_sitenote_active":false,"_monsterinsights_sitenote_note":"","_monsterinsights_sitenote_category":0,"footnotes":""},"class_list":["post-2252","page","type-page","status-publish","has-post-thumbnail","hentry"],"acf":[],"aioseo_notices":[],"jetpack_sharing_enabled":true,"_links":{"self":[{"href":"https:\/\/arecibolighthouse.com\/lighthouse\/wp-json\/wp\/v2\/pages\/2252","targetHints":{"allow":["GET"]}}],"collection":[{"href":"https:\/\/arecibolighthouse.com\/lighthouse\/wp-json\/wp\/v2\/pages"}],"about":[{"href":"https:\/\/arecibolighthouse.com\/lighthouse\/wp-json\/wp\/v2\/types\/page"}],"author":[{"embeddable":true,"href":"https:\/\/arecibolighthouse.com\/lighthouse\/wp-json\/wp\/v2\/users\/1"}],"replies":[{"embeddable":true,"href":"https:\/\/arecibolighthouse.com\/lighthouse\/wp-json\/wp\/v2\/comments?post=2252"}],"version-history":[{"count":18,"href":"https:\/\/arecibolighthouse.com\/lighthouse\/wp-json\/wp\/v2\/pages\/2252\/revisions"}],"predecessor-version":[{"id":3080,"href":"https:\/\/arecibolighthouse.com\/lighthouse\/wp-json\/wp\/v2\/pages\/2252\/revisions\/3080"}],"wp:featuredmedia":[{"embeddable":true,"href":"https:\/\/arecibolighthouse.com\/lighthouse\/wp-json\/wp\/v2\/media\/3017"}],"wp:attachment":[{"href":"https:\/\/arecibolighthouse.com\/lighthouse\/wp-json\/wp\/v2\/media?parent=2252"}],"curies":[{"name":"wp","href":"https:\/\/api.w.org\/{rel}","templated":true}]}}