{"id":2780,"date":"2025-12-17T12:40:33","date_gmt":"2025-12-17T12:40:33","guid":{"rendered":"https:\/\/arecibolighthouse.com\/lighthouse\/?page_id=2780"},"modified":"2026-03-11T19:05:23","modified_gmt":"2026-03-11T19:05:23","slug":"eventos","status":"publish","type":"page","link":"https:\/\/arecibolighthouse.com\/lighthouse\/eventos\/","title":{"rendered":"EVENTOS"},"content":{"rendered":"\t\t<div data-elementor-type=\"wp-page\" data-elementor-id=\"2780\" class=\"elementor elementor-2780\">\n\t\t\t\t\t\t<section class=\"elementor-section elementor-top-section elementor-element elementor-element-7d8379d1 elementor-section-boxed elementor-section-height-default elementor-section-height-default\" data-id=\"7d8379d1\" data-element_type=\"section\" data-e-type=\"section\" id=\"special_offer_section\" data-settings=\"{&quot;background_background&quot;:&quot;classic&quot;}\">\n\t\t\t\t\t\t<div class=\"elementor-container elementor-column-gap-no\">\n\t\t\t\t\t<div class=\"elementor-column elementor-col-100 elementor-top-column elementor-element elementor-element-2cff6ef6\" data-id=\"2cff6ef6\" data-element_type=\"column\" data-e-type=\"column\">\n\t\t\t<div class=\"elementor-widget-wrap elementor-element-populated\">\n\t\t\t\t\t\t<section class=\"elementor-section elementor-inner-section elementor-element elementor-element-6b381cb8 elementor-section-full_width elementor-section-height-default elementor-section-height-default\" data-id=\"6b381cb8\" data-element_type=\"section\" data-e-type=\"section\">\n\t\t\t\t\t\t<div class=\"elementor-container elementor-column-gap-no\">\n\t\t\t\t\t<div class=\"elementor-column elementor-col-100 elementor-inner-column elementor-element elementor-element-3369ae11\" data-id=\"3369ae11\" data-element_type=\"column\" data-e-type=\"column\">\n\t\t\t<div class=\"elementor-widget-wrap elementor-element-populated\">\n\t\t\t\t\t\t<div class=\"elementor-element elementor-element-5509ac65 elementor-invisible elementor-widget elementor-widget-heading\" data-id=\"5509ac65\" data-element_type=\"widget\" data-e-type=\"widget\" data-settings=\"{&quot;_animation&quot;:&quot;fadeInRight&quot;}\" data-widget_type=\"heading.default\">\n\t\t\t\t<div class=\"elementor-widget-container\">\n\t\t\t\t\t<h2 class=\"elementor-heading-title elementor-size-default\">Bodas<\/h2>\t\t\t\t<\/div>\n\t\t\t\t<\/div>\n\t\t\t\t<div class=\"elementor-element elementor-element-59e46156 elementor-invisible elementor-widget elementor-widget-heading\" data-id=\"59e46156\" data-element_type=\"widget\" data-e-type=\"widget\" data-settings=\"{&quot;_animation&quot;:&quot;fadeInLeft&quot;}\" data-widget_type=\"heading.default\">\n\t\t\t\t<div class=\"elementor-widget-container\">\n\t\t\t\t\t<h2 class=\"elementor-heading-title elementor-size-default\"> \u00a1Celebra tu ceremonia con nosotros!<\/h2>\t\t\t\t<\/div>\n\t\t\t\t<\/div>\n\t\t\t\t\t<\/div>\n\t\t<\/div>\n\t\t\t\t\t<\/div>\n\t\t<\/section>\n\t\t\t\t<section class=\"elementor-section elementor-inner-section elementor-element elementor-element-59eb28be elementor-section-boxed elementor-section-height-default elementor-section-height-default\" data-id=\"59eb28be\" data-element_type=\"section\" data-e-type=\"section\" data-settings=\"{&quot;background_background&quot;:&quot;classic&quot;}\">\n\t\t\t\t\t\t<div class=\"elementor-container elementor-column-gap-no\">\n\t\t\t\t\t<div class=\"elementor-column elementor-col-50 elementor-inner-column elementor-element elementor-element-6ffc1a2e\" data-id=\"6ffc1a2e\" data-element_type=\"column\" data-e-type=\"column\">\n\t\t\t<div class=\"elementor-widget-wrap elementor-element-populated\">\n\t\t\t\t\t\t<div class=\"elementor-element elementor-element-2bd5babd elementor-widget__width-initial elementor-invisible elementor-widget elementor-widget-image\" data-id=\"2bd5babd\" data-element_type=\"widget\" data-e-type=\"widget\" data-settings=\"{&quot;_animation&quot;:&quot;zoomIn&quot;}\" data-widget_type=\"image.default\">\n\t\t\t\t<div class=\"elementor-widget-container\">\n\t\t\t\t\t\t\t\t\t\t\t\t\t\t\t<img fetchpriority=\"high\" decoding=\"async\" width=\"2560\" height=\"1947\" src=\"https:\/\/i0.wp.com\/arecibolighthouse.com\/lighthouse\/wp-content\/uploads\/2025\/12\/dancing-scaled.png?fit=2560%2C1947&amp;ssl=1\" class=\"attachment-full size-full wp-image-2792\" alt=\"\" srcset=\"https:\/\/i0.wp.com\/arecibolighthouse.com\/lighthouse\/wp-content\/uploads\/2025\/12\/dancing-scaled.png?w=2560&amp;ssl=1 2560w, https:\/\/i0.wp.com\/arecibolighthouse.com\/lighthouse\/wp-content\/uploads\/2025\/12\/dancing-scaled.png?resize=300%2C228&amp;ssl=1 300w, https:\/\/i0.wp.com\/arecibolighthouse.com\/lighthouse\/wp-content\/uploads\/2025\/12\/dancing-scaled.png?resize=1024%2C779&amp;ssl=1 1024w, https:\/\/i0.wp.com\/arecibolighthouse.com\/lighthouse\/wp-content\/uploads\/2025\/12\/dancing-scaled.png?resize=768%2C584&amp;ssl=1 768w, https:\/\/i0.wp.com\/arecibolighthouse.com\/lighthouse\/wp-content\/uploads\/2025\/12\/dancing-scaled.png?resize=1536%2C1168&amp;ssl=1 1536w, https:\/\/i0.wp.com\/arecibolighthouse.com\/lighthouse\/wp-content\/uploads\/2025\/12\/dancing-scaled.png?resize=2048%2C1557&amp;ssl=1 2048w, https:\/\/i0.wp.com\/arecibolighthouse.com\/lighthouse\/wp-content\/uploads\/2025\/12\/dancing-scaled.png?resize=600%2C456&amp;ssl=1 600w, https:\/\/i0.wp.com\/arecibolighthouse.com\/lighthouse\/wp-content\/uploads\/2025\/12\/dancing-scaled.png?w=1800&amp;ssl=1 1800w\" sizes=\"(max-width: 900px) 100vw, 900px\" \/>\t\t\t\t\t\t\t\t\t\t\t\t\t\t\t<\/div>\n\t\t\t\t<\/div>\n\t\t\t\t\t<\/div>\n\t\t<\/div>\n\t\t\t\t<div class=\"elementor-column elementor-col-50 elementor-inner-column elementor-element elementor-element-702c762c\" data-id=\"702c762c\" data-element_type=\"column\" data-e-type=\"column\">\n\t\t\t<div class=\"elementor-widget-wrap elementor-element-populated\">\n\t\t\t\t\t\t<div class=\"elementor-element elementor-element-3a4a04c2 elementor-invisible elementor-widget elementor-widget-heading\" data-id=\"3a4a04c2\" data-element_type=\"widget\" data-e-type=\"widget\" data-settings=\"{&quot;_animation&quot;:&quot;fadeInUp&quot;}\" data-widget_type=\"heading.default\">\n\t\t\t\t<div class=\"elementor-widget-container\">\n\t\t\t\t\t<h2 class=\"elementor-heading-title elementor-size-default\">Con las impresionantes vistas del\nOc\u00e9ano Atl\u00e1ntico, enmarcado con un impresionante Faro hist\u00f3rico del 1898\nque har\u00e1n esta actividad una memorable.\n<\/h2>\t\t\t\t<\/div>\n\t\t\t\t<\/div>\n\t\t\t\t<div class=\"elementor-element elementor-element-31db71cb eael-infobox-content-align--left elementor-invisible elementor-widget elementor-widget-eael-info-box\" data-id=\"31db71cb\" data-element_type=\"widget\" data-e-type=\"widget\" data-settings=\"{&quot;_animation&quot;:&quot;fadeInUp&quot;}\" data-widget_type=\"eael-info-box.default\">\n\t\t\t\t<div class=\"elementor-widget-container\">\n\t\t\t\t\t        <div class=\"eael-infobox icon-on-top\">\n\t            <div class=\"infobox-content\">\n                    <div class=\"infobox-title-section\">\n                <h2 class=\"title\">Ofertas desde $1,490.00+IVU<\/h2>            <\/div>\n            <div><p>3 horas para celebraci\u00f3n de Ceremonia y toma de fotograf\u00edas<\/p><ul><li>Area reservada con arco y sillas.<\/li><li>Paquete de hasta 45 personas<\/li><li>Otros paquetes disponibles.<\/li><\/ul><\/div>        <\/div>\n            <\/div>\n\n\t\t\t\t\t\t<\/div>\n\t\t\t\t<\/div>\n\t\t\t\t<div class=\"elementor-element elementor-element-4a1220af elementor-widget__width-initial elementor-widget-tablet__width-initial elementor-absolute elementor-widget elementor-widget-image\" data-id=\"4a1220af\" data-element_type=\"widget\" data-e-type=\"widget\" data-settings=\"{&quot;_position&quot;:&quot;absolute&quot;}\" data-widget_type=\"image.default\">\n\t\t\t\t<div class=\"elementor-widget-container\">\n\t\t\t\t\t\t\t\t\t\t\t\t\t\t\t<img decoding=\"async\" width=\"350\" height=\"350\" src=\"https:\/\/i0.wp.com\/arecibolighthouse.com\/lighthouse\/wp-content\/uploads\/2025\/12\/807a2d4f-object-001.png?fit=350%2C350&amp;ssl=1\" class=\"attachment-full size-full wp-image-2789\" alt=\"\" srcset=\"https:\/\/i0.wp.com\/arecibolighthouse.com\/lighthouse\/wp-content\/uploads\/2025\/12\/807a2d4f-object-001.png?w=350&amp;ssl=1 350w, https:\/\/i0.wp.com\/arecibolighthouse.com\/lighthouse\/wp-content\/uploads\/2025\/12\/807a2d4f-object-001.png?resize=300%2C300&amp;ssl=1 300w, https:\/\/i0.wp.com\/arecibolighthouse.com\/lighthouse\/wp-content\/uploads\/2025\/12\/807a2d4f-object-001.png?resize=150%2C150&amp;ssl=1 150w, https:\/\/i0.wp.com\/arecibolighthouse.com\/lighthouse\/wp-content\/uploads\/2025\/12\/807a2d4f-object-001.png?resize=100%2C100&amp;ssl=1 100w, https:\/\/i0.wp.com\/arecibolighthouse.com\/lighthouse\/wp-content\/uploads\/2025\/12\/807a2d4f-object-001.png?resize=200%2C200&amp;ssl=1 200w\" sizes=\"(max-width: 350px) 100vw, 350px\" \/>\t\t\t\t\t\t\t\t\t\t\t\t\t\t\t<\/div>\n\t\t\t\t<\/div>\n\t\t\t\t\t<\/div>\n\t\t<\/div>\n\t\t\t\t\t<\/div>\n\t\t<\/section>\n\t\t\t\t\t<\/div>\n\t\t<\/div>\n\t\t\t\t\t<\/div>\n\t\t<\/section>\n\t\t\t\t<section class=\"elementor-section elementor-top-section elementor-element elementor-element-cfe9d1a elementor-section-boxed elementor-section-height-default elementor-section-height-default\" data-id=\"cfe9d1a\" data-element_type=\"section\" data-e-type=\"section\" data-settings=\"{&quot;background_background&quot;:&quot;classic&quot;}\">\n\t\t\t\t\t\t<div class=\"elementor-container elementor-column-gap-no\">\n\t\t\t\t\t<div class=\"elementor-column elementor-col-100 elementor-top-column elementor-element elementor-element-ab0f84e\" data-id=\"ab0f84e\" data-element_type=\"column\" data-e-type=\"column\">\n\t\t\t<div class=\"elementor-widget-wrap elementor-element-populated\">\n\t\t\t\t\t\t<section class=\"elementor-section elementor-inner-section elementor-element elementor-element-989db5f elementor-section-full_width elementor-section-height-default elementor-section-height-default\" data-id=\"989db5f\" data-element_type=\"section\" data-e-type=\"section\">\n\t\t\t\t\t\t<div class=\"elementor-container elementor-column-gap-no\">\n\t\t\t\t\t<div class=\"elementor-column elementor-col-100 elementor-inner-column elementor-element elementor-element-a47b912\" data-id=\"a47b912\" data-element_type=\"column\" data-e-type=\"column\">\n\t\t\t<div class=\"elementor-widget-wrap elementor-element-populated\">\n\t\t\t\t\t\t<div class=\"elementor-element elementor-element-554880d elementor-invisible elementor-widget elementor-widget-heading\" data-id=\"554880d\" data-element_type=\"widget\" data-e-type=\"widget\" data-settings=\"{&quot;_animation&quot;:&quot;fadeInRight&quot;}\" data-widget_type=\"heading.default\">\n\t\t\t\t<div class=\"elementor-widget-container\">\n\t\t\t\t\t<h2 class=\"elementor-heading-title elementor-size-default\">Corporativos<\/h2>\t\t\t\t<\/div>\n\t\t\t\t<\/div>\n\t\t\t\t\t<\/div>\n\t\t<\/div>\n\t\t\t\t\t<\/div>\n\t\t<\/section>\n\t\t\t\t<section class=\"elementor-section elementor-inner-section elementor-element elementor-element-83bc0ab elementor-section-boxed elementor-section-height-default elementor-section-height-default\" data-id=\"83bc0ab\" data-element_type=\"section\" data-e-type=\"section\" data-settings=\"{&quot;background_background&quot;:&quot;classic&quot;}\">\n\t\t\t\t\t\t<div class=\"elementor-container elementor-column-gap-no\">\n\t\t\t\t\t<div class=\"elementor-column elementor-col-50 elementor-inner-column elementor-element elementor-element-35c5e4f\" data-id=\"35c5e4f\" data-element_type=\"column\" data-e-type=\"column\">\n\t\t\t<div class=\"elementor-widget-wrap elementor-element-populated\">\n\t\t\t\t\t\t<div class=\"elementor-element elementor-element-3f10170 elementor-invisible elementor-widget elementor-widget-heading\" data-id=\"3f10170\" data-element_type=\"widget\" data-e-type=\"widget\" data-settings=\"{&quot;_animation&quot;:&quot;fadeInUp&quot;}\" data-widget_type=\"heading.default\">\n\t\t\t\t<div class=\"elementor-widget-container\">\n\t\t\t\t\t<h2 class=\"elementor-heading-title elementor-size-default\">Estas buscando un lugar para un evento corporativo donde se mezcle lo\neducativo, y promover la uni\u00f3n familiar? <\/h2>\t\t\t\t<\/div>\n\t\t\t\t<\/div>\n\t\t\t\t<div class=\"elementor-element elementor-element-7aaa26e eael-infobox-content-align--left elementor-invisible elementor-widget elementor-widget-eael-info-box\" data-id=\"7aaa26e\" data-element_type=\"widget\" data-e-type=\"widget\" data-settings=\"{&quot;_animation&quot;:&quot;fadeInUp&quot;}\" data-widget_type=\"eael-info-box.default\">\n\t\t\t\t<div class=\"elementor-widget-container\">\n\t\t\t\t\t        <div class=\"eael-infobox icon-on-top\">\n\t            <div class=\"infobox-content\">\n                    <div class=\"infobox-title-section\">\n                <h2 class=\"title\">Varias ofertas disponibles<\/h2>            <\/div>\n            <div><p>Estamos para servirles. Tenemos diversas ofertas para grupos corporativos y empresas. M\u00ednimo 100 personas. Llena nuestro cuestionario para cotizar y disponibilidad.<\/p><\/div>        <\/div>\n            <\/div>\n\n\t\t\t\t\t\t<\/div>\n\t\t\t\t<\/div>\n\t\t\t\t<div class=\"elementor-element elementor-element-58694a3 elementor-widget__width-initial elementor-widget-tablet__width-initial elementor-absolute elementor-widget elementor-widget-image\" data-id=\"58694a3\" data-element_type=\"widget\" data-e-type=\"widget\" data-settings=\"{&quot;_position&quot;:&quot;absolute&quot;}\" data-widget_type=\"image.default\">\n\t\t\t\t<div class=\"elementor-widget-container\">\n\t\t\t\t\t\t\t\t\t\t\t\t\t\t\t<img decoding=\"async\" width=\"350\" height=\"350\" src=\"https:\/\/i0.wp.com\/arecibolighthouse.com\/lighthouse\/wp-content\/uploads\/2025\/12\/807a2d4f-object-001.png?fit=350%2C350&amp;ssl=1\" class=\"attachment-full size-full wp-image-2789\" alt=\"\" srcset=\"https:\/\/i0.wp.com\/arecibolighthouse.com\/lighthouse\/wp-content\/uploads\/2025\/12\/807a2d4f-object-001.png?w=350&amp;ssl=1 350w, https:\/\/i0.wp.com\/arecibolighthouse.com\/lighthouse\/wp-content\/uploads\/2025\/12\/807a2d4f-object-001.png?resize=300%2C300&amp;ssl=1 300w, https:\/\/i0.wp.com\/arecibolighthouse.com\/lighthouse\/wp-content\/uploads\/2025\/12\/807a2d4f-object-001.png?resize=150%2C150&amp;ssl=1 150w, https:\/\/i0.wp.com\/arecibolighthouse.com\/lighthouse\/wp-content\/uploads\/2025\/12\/807a2d4f-object-001.png?resize=100%2C100&amp;ssl=1 100w, https:\/\/i0.wp.com\/arecibolighthouse.com\/lighthouse\/wp-content\/uploads\/2025\/12\/807a2d4f-object-001.png?resize=200%2C200&amp;ssl=1 200w\" sizes=\"(max-width: 350px) 100vw, 350px\" \/>\t\t\t\t\t\t\t\t\t\t\t\t\t\t\t<\/div>\n\t\t\t\t<\/div>\n\t\t\t\t\t<\/div>\n\t\t<\/div>\n\t\t\t\t<div class=\"elementor-column elementor-col-50 elementor-inner-column elementor-element elementor-element-27eccb4\" data-id=\"27eccb4\" data-element_type=\"column\" data-e-type=\"column\">\n\t\t\t<div class=\"elementor-widget-wrap\">\n\t\t\t\t\t\t\t<\/div>\n\t\t<\/div>\n\t\t\t\t\t<\/div>\n\t\t<\/section>\n\t\t\t\t\t<\/div>\n\t\t<\/div>\n\t\t\t\t\t<\/div>\n\t\t<\/section>\n\t\t<div class=\"elementor-element elementor-element-1a3e2ae e-flex e-con-boxed e-con e-parent\" data-id=\"1a3e2ae\" data-element_type=\"container\" data-e-type=\"container\">\n\t\t\t\t\t<div class=\"e-con-inner\">\n\t\t\t\t<div class=\"elementor-element elementor-element-16cfbc5 elementor-widget elementor-widget-text-editor\" data-id=\"16cfbc5\" data-element_type=\"widget\" data-e-type=\"widget\" data-widget_type=\"text-editor.default\">\n\t\t\t\t<div class=\"elementor-widget-container\">\n\t\t\t\t\t\t\t\t\t<p style=\"text-align: center;\">\t<a class=\"paoc-popup-click paoc-popup-cust-2832 paoc-popup-button paoc-popup-btn \" href=\"javascript:void(0);\">Cotiza<\/a>\r\n<\/p>\t\t\t\t\t\t\t\t<\/div>\n\t\t\t\t<\/div>\n\t\t\t\t\t<\/div>\n\t\t\t\t<\/div>\n\t\t\t\t<\/div>\n\t\t","protected":false},"excerpt":{"rendered":"<p>Bodas \u00a1Celebra tu ceremonia con nosotros! Con las impresionantes vistas del Oc\u00e9ano Atl\u00e1ntico, enmarcado con un impresionante Faro hist\u00f3rico del 1898 que har\u00e1n esta actividad una memorable. Ofertas desde $1,490.00+IVU 3 horas para celebraci\u00f3n de Ceremonia y toma de fotograf\u00edas Area reservada con arco y sillas. Paquete de hasta 45 personas Otros paquetes disponibles. Corporativos [&hellip;]<\/p>\n","protected":false},"author":1,"featured_media":2782,"parent":0,"menu_order":0,"comment_status":"closed","ping_status":"closed","template":"elementor_header_footer","meta":{"_acf_changed":false,"nf_dc_page":"","om_disable_all_campaigns":false,"inline_featured_image":false,"_monsterinsights_skip_tracking":false,"_monsterinsights_sitenote_active":false,"_monsterinsights_sitenote_note":"","_monsterinsights_sitenote_category":0,"footnotes":""},"class_list":["post-2780","page","type-page","status-publish","has-post-thumbnail","hentry"],"acf":[],"aioseo_notices":[],"jetpack_sharing_enabled":true,"_links":{"self":[{"href":"https:\/\/arecibolighthouse.com\/lighthouse\/wp-json\/wp\/v2\/pages\/2780","targetHints":{"allow":["GET"]}}],"collection":[{"href":"https:\/\/arecibolighthouse.com\/lighthouse\/wp-json\/wp\/v2\/pages"}],"about":[{"href":"https:\/\/arecibolighthouse.com\/lighthouse\/wp-json\/wp\/v2\/types\/page"}],"author":[{"embeddable":true,"href":"https:\/\/arecibolighthouse.com\/lighthouse\/wp-json\/wp\/v2\/users\/1"}],"replies":[{"embeddable":true,"href":"https:\/\/arecibolighthouse.com\/lighthouse\/wp-json\/wp\/v2\/comments?post=2780"}],"version-history":[{"count":66,"href":"https:\/\/arecibolighthouse.com\/lighthouse\/wp-json\/wp\/v2\/pages\/2780\/revisions"}],"predecessor-version":[{"id":3132,"href":"https:\/\/arecibolighthouse.com\/lighthouse\/wp-json\/wp\/v2\/pages\/2780\/revisions\/3132"}],"wp:featuredmedia":[{"embeddable":true,"href":"https:\/\/arecibolighthouse.com\/lighthouse\/wp-json\/wp\/v2\/media\/2782"}],"wp:attachment":[{"href":"https:\/\/arecibolighthouse.com\/lighthouse\/wp-json\/wp\/v2\/media?parent=2780"}],"curies":[{"name":"wp","href":"https:\/\/api.w.org\/{rel}","templated":true}]}}